{"id":601,"date":"2022-05-09T18:14:55","date_gmt":"2022-05-09T21:14:55","guid":{"rendered":"https:\/\/magno.com.br\/novo\/?page_id=601"},"modified":"2022-09-20T16:39:29","modified_gmt":"2022-09-20T19:39:29","slug":"agronegocio","status":"publish","type":"page","link":"https:\/\/magno.com.br\/en\/agronegocio\/","title":{"rendered":"Agribusiness"},"content":{"rendered":"<div data-elementor-type=\"wp-page\" data-elementor-id=\"601\" class=\"elementor elementor-601\" data-elementor-post-type=\"page\">\n\t\t\t\t\t\t<section class=\"elementor-section elementor-top-section elementor-element elementor-element-dd54fe5 elementor-section-height-min-height elementor-section-content-middle elementor-section-boxed elementor-section-height-default elementor-section-items-middle\" data-id=\"dd54fe5\" data-element_type=\"section\" data-settings=\"{&quot;background_background&quot;:&quot;classic&quot;}\">\n\t\t\t\t\t\t\t<div class=\"elementor-background-overlay\"><\/div>\n\t\t\t\t\t\t\t<div class=\"elementor-container elementor-column-gap-default\">\n\t\t\t\t\t<div class=\"elementor-column elementor-col-100 elementor-top-column elementor-element elementor-element-0cb773f\" data-id=\"0cb773f\" data-element_type=\"column\" data-settings=\"{&quot;motion_fx_translateY_effect&quot;:&quot;yes&quot;,&quot;motion_fx_motion_fx_scrolling&quot;:&quot;yes&quot;,&quot;motion_fx_translateY_direction&quot;:&quot;negative&quot;,&quot;motion_fx_translateY_speed&quot;:{&quot;unit&quot;:&quot;px&quot;,&quot;size&quot;:5,&quot;sizes&quot;:[]},&quot;motion_fx_translateY_affectedRange&quot;:{&quot;unit&quot;:&quot;%&quot;,&quot;size&quot;:&quot;&quot;,&quot;sizes&quot;:{&quot;start&quot;:0,&quot;end&quot;:81}},&quot;motion_fx_devices&quot;:[&quot;desktop&quot;,&quot;tablet&quot;,&quot;mobile&quot;]}\">\n\t\t\t<div class=\"elementor-widget-wrap elementor-element-populated\">\n\t\t\t\t\t\t<div class=\"elementor-element elementor-element-4c3a186 elementor-widget elementor-widget-heading\" data-id=\"4c3a186\" data-element_type=\"widget\" data-widget_type=\"heading.default\">\n\t\t\t\t<div class=\"elementor-widget-container\">\n\t\t\t\t\t<h2 class=\"elementor-heading-title elementor-size-xxl\">Agribusiness<\/h2>\t\t\t\t<\/div>\n\t\t\t\t<\/div>\n\t\t\t\t\t<\/div>\n\t\t<\/div>\n\t\t\t\t\t<\/div>\n\t\t<\/section>\n\t\t\t\t<section class=\"elementor-section elementor-top-section elementor-element elementor-element-417147e elementor-section-height-min-height elementor-section-boxed elementor-section-height-default elementor-section-items-middle\" data-id=\"417147e\" data-element_type=\"section\" data-settings=\"{&quot;background_background&quot;:&quot;classic&quot;}\">\n\t\t\t\t\t\t<div class=\"elementor-container elementor-column-gap-default\">\n\t\t\t\t\t<div class=\"elementor-column elementor-col-100 elementor-top-column elementor-element elementor-element-eb2c2ad\" data-id=\"eb2c2ad\" data-element_type=\"column\">\n\t\t\t<div class=\"elementor-widget-wrap elementor-element-populated\">\n\t\t\t\t\t\t<div class=\"elementor-element elementor-element-ce00a6c elementor-widget elementor-widget-heading\" data-id=\"ce00a6c\" data-element_type=\"widget\" data-widget_type=\"heading.default\">\n\t\t\t\t<div class=\"elementor-widget-container\">\n\t\t\t\t\t<h2 class=\"elementor-heading-title elementor-size-default\">Value Offer<\/h2>\t\t\t\t<\/div>\n\t\t\t\t<\/div>\n\t\t\t\t\t<\/div>\n\t\t<\/div>\n\t\t\t\t\t<\/div>\n\t\t<\/section>\n\t\t\t\t<section class=\"elementor-section elementor-top-section elementor-element elementor-element-5dd8a7c elementor-section-boxed elementor-section-height-default elementor-section-height-default\" data-id=\"5dd8a7c\" data-element_type=\"section\">\n\t\t\t\t\t\t<div class=\"elementor-container elementor-column-gap-default\">\n\t\t\t\t\t<div class=\"elementor-column elementor-col-100 elementor-top-column elementor-element elementor-element-3908263\" data-id=\"3908263\" data-element_type=\"column\">\n\t\t\t<div class=\"elementor-widget-wrap elementor-element-populated\">\n\t\t\t\t\t\t<div class=\"elementor-element elementor-element-5d65a27 elementor-widget__width-initial elementor-widget elementor-widget-heading\" data-id=\"5d65a27\" data-element_type=\"widget\" data-widget_type=\"heading.default\">\n\t\t\t\t<div class=\"elementor-widget-container\">\n\t\t\t\t\t<h2 class=\"elementor-heading-title elementor-size-default\">Brazilian agribusiness has become a sector with the presence of large companies and the use of best management practices. We have a group of consultants with experience and experience in the agribusiness sector in large national and multinational companies. Our focus is to turn agribusiness companies into high performance, strong growth and high valuation companies. We bring our financial and financing management solutions, strategy and operational excellence, customized to the agribusiness environment. We have been conducting mergers and acquisitions operations for the sector, accessing strategic and financial investors dedicated to agribusiness. Our clients have shown strong growth and superior results on a sustained basis.<\/h2>\t\t\t\t<\/div>\n\t\t\t\t<\/div>\n\t\t\t\t\t<\/div>\n\t\t<\/div>\n\t\t\t\t\t<\/div>\n\t\t<\/section>\n\t\t\t\t<section class=\"elementor-section elementor-top-section elementor-element elementor-element-630ff55 elementor-section-boxed elementor-section-height-default elementor-section-height-default\" data-id=\"630ff55\" data-element_type=\"section\">\n\t\t\t\t\t\t<div class=\"elementor-container elementor-column-gap-default\">\n\t\t\t\t\t<div class=\"elementor-column elementor-col-50 elementor-top-column elementor-element elementor-element-76e0fd9\" data-id=\"76e0fd9\" data-element_type=\"column\" data-settings=\"{&quot;background_background&quot;:&quot;classic&quot;}\">\n\t\t\t<div class=\"elementor-widget-wrap elementor-element-populated\">\n\t\t\t\t\t\t<div class=\"elementor-element elementor-element-c5752f0 elementor-widget elementor-widget-image\" data-id=\"c5752f0\" data-element_type=\"widget\" data-widget_type=\"image.default\">\n\t\t\t\t<div class=\"elementor-widget-container\">\n\t\t\t\t\t\t\t\t\t\t\t\t\t\t\t<img decoding=\"async\" width=\"128\" height=\"128\" src=\"https:\/\/magno.com.br\/wp-content\/uploads\/2022\/05\/agriculture.png\" class=\"attachment-thumbnail size-thumbnail wp-image-875\" alt=\"\" \/>\t\t\t\t\t\t\t\t\t\t\t\t\t\t\t<\/div>\n\t\t\t\t<\/div>\n\t\t\t\t<section class=\"elementor-section elementor-inner-section elementor-element elementor-element-a625acc elementor-section-boxed elementor-section-height-default elementor-section-height-default\" data-id=\"a625acc\" data-element_type=\"section\">\n\t\t\t\t\t\t<div class=\"elementor-container elementor-column-gap-default\">\n\t\t\t\t\t<div class=\"elementor-column elementor-col-100 elementor-inner-column elementor-element elementor-element-410878f\" data-id=\"410878f\" data-element_type=\"column\">\n\t\t\t<div class=\"elementor-widget-wrap elementor-element-populated\">\n\t\t\t\t\t\t<div class=\"elementor-element elementor-element-675988c elementor-widget elementor-widget-heading\" data-id=\"675988c\" data-element_type=\"widget\" data-widget_type=\"heading.default\">\n\t\t\t\t<div class=\"elementor-widget-container\">\n\t\t\t\t\t<h2 class=\"elementor-heading-title elementor-size-default\">Cooperatives<\/h2>\t\t\t\t<\/div>\n\t\t\t\t<\/div>\n\t\t\t\t\t<\/div>\n\t\t<\/div>\n\t\t\t\t\t<\/div>\n\t\t<\/section>\n\t\t\t\t<div class=\"elementor-element elementor-element-93d50dd elementor-widget elementor-widget-text-editor\" data-id=\"93d50dd\" data-element_type=\"widget\" data-widget_type=\"text-editor.default\">\n\t\t\t\t<div class=\"elementor-widget-container\">\n\t\t\t\t\t\t\t\t\t<p>The agro-industrial cooperatives comprise one of the most dynamic and expressive segments of the Brazilian agricultural sector. Our consultants are experienced in agriculture and in the management of large companies and provide Cooperatives with management tools for the development of results and sustainable growth.<\/p>\t\t\t\t\t\t\t\t<\/div>\n\t\t\t\t<\/div>\n\t\t\t\t\t<\/div>\n\t\t<\/div>\n\t\t\t\t<div class=\"elementor-column elementor-col-50 elementor-top-column elementor-element elementor-element-bbacdd5\" data-id=\"bbacdd5\" data-element_type=\"column\" data-settings=\"{&quot;background_background&quot;:&quot;classic&quot;}\">\n\t\t\t<div class=\"elementor-widget-wrap elementor-element-populated\">\n\t\t\t\t\t\t<div class=\"elementor-element elementor-element-ec83e97 elementor-widget elementor-widget-image\" data-id=\"ec83e97\" data-element_type=\"widget\" data-widget_type=\"image.default\">\n\t\t\t\t<div class=\"elementor-widget-container\">\n\t\t\t\t\t\t\t\t\t\t\t\t\t\t\t<img decoding=\"async\" width=\"128\" height=\"128\" src=\"https:\/\/magno.com.br\/wp-content\/uploads\/2022\/05\/agriculture-1.png\" class=\"attachment-thumbnail size-thumbnail wp-image-876\" alt=\"\" \/>\t\t\t\t\t\t\t\t\t\t\t\t\t\t\t<\/div>\n\t\t\t\t<\/div>\n\t\t\t\t<section class=\"elementor-section elementor-inner-section elementor-element elementor-element-a061e1e elementor-section-boxed elementor-section-height-default elementor-section-height-default\" data-id=\"a061e1e\" data-element_type=\"section\">\n\t\t\t\t\t\t<div class=\"elementor-container elementor-column-gap-default\">\n\t\t\t\t\t<div class=\"elementor-column elementor-col-100 elementor-inner-column elementor-element elementor-element-d45f8d3\" data-id=\"d45f8d3\" data-element_type=\"column\">\n\t\t\t<div class=\"elementor-widget-wrap elementor-element-populated\">\n\t\t\t\t\t\t<div class=\"elementor-element elementor-element-afd107b elementor-widget elementor-widget-heading\" data-id=\"afd107b\" data-element_type=\"widget\" data-widget_type=\"heading.default\">\n\t\t\t\t<div class=\"elementor-widget-container\">\n\t\t\t\t\t<h2 class=\"elementor-heading-title elementor-size-default\">Rural Producers<\/h2>\t\t\t\t<\/div>\n\t\t\t\t<\/div>\n\t\t\t\t\t<\/div>\n\t\t<\/div>\n\t\t\t\t\t<\/div>\n\t\t<\/section>\n\t\t\t\t<div class=\"elementor-element elementor-element-afe83fa elementor-widget elementor-widget-text-editor\" data-id=\"afe83fa\" data-element_type=\"widget\" data-widget_type=\"text-editor.default\">\n\t\t\t\t<div class=\"elementor-widget-container\">\n\t\t\t\t\t\t\t\t\t<p>Rural Producers comprise real productive complexes in Brazil. Our consultants combine their experience in dealing with agribusiness companies and the practice of supporting family businesses to promote the growth and organization of rural producers' enterprises.<\/p>\t\t\t\t\t\t\t\t<\/div>\n\t\t\t\t<\/div>\n\t\t\t\t\t<\/div>\n\t\t<\/div>\n\t\t\t\t\t<\/div>\n\t\t<\/section>\n\t\t\t\t<section class=\"elementor-section elementor-top-section elementor-element elementor-element-5d7111d elementor-section-boxed elementor-section-height-default elementor-section-height-default\" data-id=\"5d7111d\" data-element_type=\"section\">\n\t\t\t\t\t\t<div class=\"elementor-container elementor-column-gap-default\">\n\t\t\t\t\t<div class=\"elementor-column elementor-col-50 elementor-top-column elementor-element elementor-element-05950c4\" data-id=\"05950c4\" data-element_type=\"column\">\n\t\t\t<div class=\"elementor-widget-wrap elementor-element-populated\">\n\t\t\t\t\t\t<div class=\"elementor-element elementor-element-101558c elementor-widget elementor-widget-image\" data-id=\"101558c\" data-element_type=\"widget\" data-widget_type=\"image.default\">\n\t\t\t\t<div class=\"elementor-widget-container\">\n\t\t\t\t\t\t\t\t\t\t\t\t\t\t\t<img decoding=\"async\" width=\"128\" height=\"128\" src=\"https:\/\/magno.com.br\/wp-content\/uploads\/2022\/05\/agriculture-1-1.png\" class=\"attachment-medium size-medium wp-image-877\" alt=\"\" \/>\t\t\t\t\t\t\t\t\t\t\t\t\t\t\t<\/div>\n\t\t\t\t<\/div>\n\t\t\t\t<section class=\"elementor-section elementor-inner-section elementor-element elementor-element-ea08bff elementor-section-boxed elementor-section-height-default elementor-section-height-default\" data-id=\"ea08bff\" data-element_type=\"section\">\n\t\t\t\t\t\t<div class=\"elementor-container elementor-column-gap-default\">\n\t\t\t\t\t<div class=\"elementor-column elementor-col-100 elementor-inner-column elementor-element elementor-element-be29748\" data-id=\"be29748\" data-element_type=\"column\">\n\t\t\t<div class=\"elementor-widget-wrap elementor-element-populated\">\n\t\t\t\t\t\t<div class=\"elementor-element elementor-element-23e5d2e elementor-widget elementor-widget-heading\" data-id=\"23e5d2e\" data-element_type=\"widget\" data-widget_type=\"heading.default\">\n\t\t\t\t<div class=\"elementor-widget-container\">\n\t\t\t\t\t<h2 class=\"elementor-heading-title elementor-size-default\">Input Suppliers<\/h2>\t\t\t\t<\/div>\n\t\t\t\t<\/div>\n\t\t\t\t\t<\/div>\n\t\t<\/div>\n\t\t\t\t\t<\/div>\n\t\t<\/section>\n\t\t\t\t<div class=\"elementor-element elementor-element-4e036da elementor-widget elementor-widget-text-editor\" data-id=\"4e036da\" data-element_type=\"widget\" data-widget_type=\"text-editor.default\">\n\t\t\t\t<div class=\"elementor-widget-container\">\n\t\t\t\t\t\t\t\t\t<p>The Brazilian agro-industrial sector is served by thousands of companies that comprise the \u201cfrom the door to the outside\u201d complex. We have experience and specialized consultants to promote the growth and profitability of agribusiness supply companies.<\/p>\t\t\t\t\t\t\t\t<\/div>\n\t\t\t\t<\/div>\n\t\t\t\t\t<\/div>\n\t\t<\/div>\n\t\t\t\t<div class=\"elementor-column elementor-col-50 elementor-top-column elementor-element elementor-element-3d2638a\" data-id=\"3d2638a\" data-element_type=\"column\">\n\t\t\t<div class=\"elementor-widget-wrap elementor-element-populated\">\n\t\t\t\t\t\t<section class=\"elementor-section elementor-inner-section elementor-element elementor-element-7f7be13 elementor-section-boxed elementor-section-height-default elementor-section-height-default\" data-id=\"7f7be13\" data-element_type=\"section\">\n\t\t\t\t\t\t<div class=\"elementor-container elementor-column-gap-default\">\n\t\t\t\t\t<div class=\"elementor-column elementor-col-100 elementor-inner-column elementor-element elementor-element-1cffa57\" data-id=\"1cffa57\" data-element_type=\"column\">\n\t\t\t<div class=\"elementor-widget-wrap elementor-element-populated\">\n\t\t\t\t\t\t\t<\/div>\n\t\t<\/div>\n\t\t\t\t\t<\/div>\n\t\t<\/section>\n\t\t\t\t\t<\/div>\n\t\t<\/div>\n\t\t\t\t\t<\/div>\n\t\t<\/section>\n\t\t\t\t<section class=\"elementor-section elementor-top-section elementor-element elementor-element-75719d6 elementor-section-height-min-height elementor-section-boxed elementor-section-height-default elementor-section-items-middle\" data-id=\"75719d6\" data-element_type=\"section\" data-settings=\"{&quot;background_background&quot;:&quot;classic&quot;}\">\n\t\t\t\t\t\t\t<div class=\"elementor-background-overlay\"><\/div>\n\t\t\t\t\t\t\t<div class=\"elementor-container elementor-column-gap-default\">\n\t\t\t\t\t<div class=\"elementor-column elementor-col-100 elementor-top-column elementor-element elementor-element-23a3899\" data-id=\"23a3899\" data-element_type=\"column\">\n\t\t\t<div class=\"elementor-widget-wrap elementor-element-populated\">\n\t\t\t\t\t\t\t<\/div>\n\t\t<\/div>\n\t\t\t\t\t<\/div>\n\t\t<\/section>\n\t\t\t\t<\/div>","protected":false},"excerpt":{"rendered":"<p>Agroneg\u00f3cio Proposta de Valor O agroneg\u00f3cio brasileiro se tornou um setor com a presen\u00e7a de grandes empresas e utiliza\u00e7\u00e3o das melhores pr\u00e1ticas de gest\u00e3o. Contamos com um grupo de consultores com viv\u00eancia e experi\u00eancia de atua\u00e7\u00e3o no setor do agroneg\u00f3cio em grandes empresas nacionais e multinacionais. Nosso foco \u00e9 tornar as empresas do agroneg\u00f3cio em [&hellip;]<\/p>","protected":false},"author":1,"featured_media":0,"parent":0,"menu_order":0,"comment_status":"closed","ping_status":"closed","template":"elementor_header_footer","meta":{"ocean_post_layout":"","ocean_both_sidebars_style":"","ocean_both_sidebars_content_width":0,"ocean_both_sidebars_sidebars_width":0,"ocean_sidebar":"0","ocean_second_sidebar":"0","ocean_disable_margins":"enable","ocean_add_body_class":"","ocean_shortcode_before_top_bar":"","ocean_shortcode_after_top_bar":"","ocean_shortcode_before_header":"","ocean_shortcode_after_header":"","ocean_has_shortcode":"","ocean_shortcode_after_title":"","ocean_shortcode_before_footer_widgets":"","ocean_shortcode_after_footer_widgets":"","ocean_shortcode_before_footer_bottom":"","ocean_shortcode_after_footer_bottom":"","ocean_display_top_bar":"default","ocean_display_header":"default","ocean_header_style":"","ocean_center_header_left_menu":"0","ocean_custom_header_template":"0","ocean_custom_logo":0,"ocean_custom_retina_logo":0,"ocean_custom_logo_max_width":0,"ocean_custom_logo_tablet_max_width":0,"ocean_custom_logo_mobile_max_width":0,"ocean_custom_logo_max_height":0,"ocean_custom_logo_tablet_max_height":0,"ocean_custom_logo_mobile_max_height":0,"ocean_header_custom_menu":"0","ocean_menu_typo_font_family":"0","ocean_menu_typo_font_subset":"","ocean_menu_typo_font_size":0,"ocean_menu_typo_font_size_tablet":0,"ocean_menu_typo_font_size_mobile":0,"ocean_menu_typo_font_size_unit":"px","ocean_menu_typo_font_weight":"","ocean_menu_typo_font_weight_tablet":"","ocean_menu_typo_font_weight_mobile":"","ocean_menu_typo_transform":"","ocean_menu_typo_transform_tablet":"","ocean_menu_typo_transform_mobile":"","ocean_menu_typo_line_height":0,"ocean_menu_typo_line_height_tablet":0,"ocean_menu_typo_line_height_mobile":0,"ocean_menu_typo_line_height_unit":"","ocean_menu_typo_spacing":0,"ocean_menu_typo_spacing_tablet":0,"ocean_menu_typo_spacing_mobile":0,"ocean_menu_typo_spacing_unit":"","ocean_menu_link_color":"","ocean_menu_link_color_hover":"","ocean_menu_link_color_active":"","ocean_menu_link_background":"","ocean_menu_link_hover_background":"","ocean_menu_link_active_background":"","ocean_menu_social_links_bg":"","ocean_menu_social_hover_links_bg":"","ocean_menu_social_links_color":"","ocean_menu_social_hover_links_color":"","ocean_disable_title":"default","ocean_disable_heading":"default","ocean_post_title":"","ocean_post_subheading":"","ocean_post_title_style":"","ocean_post_title_background_color":"","ocean_post_title_background":0,"ocean_post_title_bg_image_position":"","ocean_post_title_bg_image_attachment":"","ocean_post_title_bg_image_repeat":"","ocean_post_title_bg_image_size":"","ocean_post_title_height":0,"ocean_post_title_bg_overlay":0.5,"ocean_post_title_bg_overlay_color":"","ocean_disable_breadcrumbs":"default","ocean_breadcrumbs_color":"","ocean_breadcrumbs_separator_color":"","ocean_breadcrumbs_links_color":"","ocean_breadcrumbs_links_hover_color":"","ocean_display_footer_widgets":"default","ocean_display_footer_bottom":"default","ocean_custom_footer_template":"0","_ti_tpc_template_sync":false,"_ti_tpc_template_id":"","footnotes":""},"class_list":["post-601","page","type-page","status-publish","hentry","entry"],"yoast_head":"<!-- This site is optimized with the Yoast SEO plugin v26.9 - https:\/\/yoast.com\/product\/yoast-seo-wordpress\/ -->\n<title>Agroneg\u00f3cio - Magno Consultores<\/title>\n<meta name=\"robots\" content=\"index, follow, max-snippet:-1, max-image-preview:large, max-video-preview:-1\" \/>\n<link rel=\"canonical\" href=\"https:\/\/magno.com.br\/en\/agronegocio\/\" \/>\n<meta property=\"og:locale\" content=\"en_US\" \/>\n<meta property=\"og:type\" content=\"article\" \/>\n<meta property=\"og:title\" content=\"Agroneg\u00f3cio - Magno Consultores\" \/>\n<meta property=\"og:description\" content=\"Agroneg\u00f3cio Proposta de Valor O agroneg\u00f3cio brasileiro se tornou um setor com a presen\u00e7a de grandes empresas e utiliza\u00e7\u00e3o das melhores pr\u00e1ticas de gest\u00e3o. Contamos com um grupo de consultores com viv\u00eancia e experi\u00eancia de atua\u00e7\u00e3o no setor do agroneg\u00f3cio em grandes empresas nacionais e multinacionais. Nosso foco \u00e9 tornar as empresas do agroneg\u00f3cio em [&hellip;]\" \/>\n<meta property=\"og:url\" content=\"https:\/\/magno.com.br\/en\/agronegocio\/\" \/>\n<meta property=\"og:site_name\" content=\"Magno Consultores\" \/>\n<meta property=\"article:modified_time\" content=\"2022-09-20T19:39:29+00:00\" \/>\n<meta property=\"og:image\" content=\"https:\/\/magno.com.br\/wp-content\/uploads\/2022\/05\/agriculture.png\" \/>\n<meta name=\"twitter:card\" content=\"summary_large_image\" \/>\n<meta name=\"twitter:label1\" content=\"Est. reading time\" \/>\n\t<meta name=\"twitter:data1\" content=\"2 minutes\" \/>\n<script type=\"application\/ld+json\" class=\"yoast-schema-graph\">{\"@context\":\"https:\/\/schema.org\",\"@graph\":[{\"@type\":\"WebPage\",\"@id\":\"https:\/\/magno.com.br\/agronegocio\/\",\"url\":\"https:\/\/magno.com.br\/agronegocio\/\",\"name\":\"Agroneg\u00f3cio - Magno Consultores\",\"isPartOf\":{\"@id\":\"https:\/\/magno.com.br\/#website\"},\"primaryImageOfPage\":{\"@id\":\"https:\/\/magno.com.br\/agronegocio\/#primaryimage\"},\"image\":{\"@id\":\"https:\/\/magno.com.br\/agronegocio\/#primaryimage\"},\"thumbnailUrl\":\"https:\/\/magno.com.br\/wp-content\/uploads\/2022\/05\/agriculture.png\",\"datePublished\":\"2022-05-09T21:14:55+00:00\",\"dateModified\":\"2022-09-20T19:39:29+00:00\",\"breadcrumb\":{\"@id\":\"https:\/\/magno.com.br\/agronegocio\/#breadcrumb\"},\"inLanguage\":\"en-US\",\"potentialAction\":[{\"@type\":\"ReadAction\",\"target\":[\"https:\/\/magno.com.br\/agronegocio\/\"]}]},{\"@type\":\"ImageObject\",\"inLanguage\":\"en-US\",\"@id\":\"https:\/\/magno.com.br\/agronegocio\/#primaryimage\",\"url\":\"https:\/\/magno.com.br\/wp-content\/uploads\/2022\/05\/agriculture.png\",\"contentUrl\":\"https:\/\/magno.com.br\/wp-content\/uploads\/2022\/05\/agriculture.png\"},{\"@type\":\"BreadcrumbList\",\"@id\":\"https:\/\/magno.com.br\/agronegocio\/#breadcrumb\",\"itemListElement\":[{\"@type\":\"ListItem\",\"position\":1,\"name\":\"In\u00edcio\",\"item\":\"https:\/\/magno.com.br\/\"},{\"@type\":\"ListItem\",\"position\":2,\"name\":\"Agroneg\u00f3cio\"}]},{\"@type\":\"WebSite\",\"@id\":\"https:\/\/magno.com.br\/#website\",\"url\":\"https:\/\/magno.com.br\/\",\"name\":\"Magno Consultores\",\"description\":\"Consultoria Empresarial\",\"publisher\":{\"@id\":\"https:\/\/magno.com.br\/#organization\"},\"potentialAction\":[{\"@type\":\"SearchAction\",\"target\":{\"@type\":\"EntryPoint\",\"urlTemplate\":\"https:\/\/magno.com.br\/?s={search_term_string}\"},\"query-input\":{\"@type\":\"PropertyValueSpecification\",\"valueRequired\":true,\"valueName\":\"search_term_string\"}}],\"inLanguage\":\"en-US\"},{\"@type\":\"Organization\",\"@id\":\"https:\/\/magno.com.br\/#organization\",\"name\":\"Magno Consultores\",\"url\":\"https:\/\/magno.com.br\/\",\"logo\":{\"@type\":\"ImageObject\",\"inLanguage\":\"en-US\",\"@id\":\"https:\/\/magno.com.br\/#\/schema\/logo\/image\/\",\"url\":\"https:\/\/magno.com.br\/wp-content\/uploads\/2022\/04\/Magno-Logo-Horizontal-Fundo-Claro.png\",\"contentUrl\":\"https:\/\/magno.com.br\/wp-content\/uploads\/2022\/04\/Magno-Logo-Horizontal-Fundo-Claro.png\",\"width\":1238,\"height\":585,\"caption\":\"Magno Consultores\"},\"image\":{\"@id\":\"https:\/\/magno.com.br\/#\/schema\/logo\/image\/\"}}]}<\/script>\n<!-- \/ Yoast SEO plugin. -->","yoast_head_json":{"title":"Agroneg\u00f3cio - Magno Consultores","robots":{"index":"index","follow":"follow","max-snippet":"max-snippet:-1","max-image-preview":"max-image-preview:large","max-video-preview":"max-video-preview:-1"},"canonical":"https:\/\/magno.com.br\/en\/agronegocio\/","og_locale":"en_US","og_type":"article","og_title":"Agroneg\u00f3cio - Magno Consultores","og_description":"Agroneg\u00f3cio Proposta de Valor O agroneg\u00f3cio brasileiro se tornou um setor com a presen\u00e7a de grandes empresas e utiliza\u00e7\u00e3o das melhores pr\u00e1ticas de gest\u00e3o. Contamos com um grupo de consultores com viv\u00eancia e experi\u00eancia de atua\u00e7\u00e3o no setor do agroneg\u00f3cio em grandes empresas nacionais e multinacionais. Nosso foco \u00e9 tornar as empresas do agroneg\u00f3cio em [&hellip;]","og_url":"https:\/\/magno.com.br\/en\/agronegocio\/","og_site_name":"Magno Consultores","article_modified_time":"2022-09-20T19:39:29+00:00","og_image":[{"url":"https:\/\/magno.com.br\/wp-content\/uploads\/2022\/05\/agriculture.png","type":"","width":"","height":""}],"twitter_card":"summary_large_image","twitter_misc":{"Est. reading time":"2 minutes"},"schema":{"@context":"https:\/\/schema.org","@graph":[{"@type":"WebPage","@id":"https:\/\/magno.com.br\/agronegocio\/","url":"https:\/\/magno.com.br\/agronegocio\/","name":"Agroneg\u00f3cio - Magno Consultores","isPartOf":{"@id":"https:\/\/magno.com.br\/#website"},"primaryImageOfPage":{"@id":"https:\/\/magno.com.br\/agronegocio\/#primaryimage"},"image":{"@id":"https:\/\/magno.com.br\/agronegocio\/#primaryimage"},"thumbnailUrl":"https:\/\/magno.com.br\/wp-content\/uploads\/2022\/05\/agriculture.png","datePublished":"2022-05-09T21:14:55+00:00","dateModified":"2022-09-20T19:39:29+00:00","breadcrumb":{"@id":"https:\/\/magno.com.br\/agronegocio\/#breadcrumb"},"inLanguage":"en-US","potentialAction":[{"@type":"ReadAction","target":["https:\/\/magno.com.br\/agronegocio\/"]}]},{"@type":"ImageObject","inLanguage":"en-US","@id":"https:\/\/magno.com.br\/agronegocio\/#primaryimage","url":"https:\/\/magno.com.br\/wp-content\/uploads\/2022\/05\/agriculture.png","contentUrl":"https:\/\/magno.com.br\/wp-content\/uploads\/2022\/05\/agriculture.png"},{"@type":"BreadcrumbList","@id":"https:\/\/magno.com.br\/agronegocio\/#breadcrumb","itemListElement":[{"@type":"ListItem","position":1,"name":"In\u00edcio","item":"https:\/\/magno.com.br\/"},{"@type":"ListItem","position":2,"name":"Agroneg\u00f3cio"}]},{"@type":"WebSite","@id":"https:\/\/magno.com.br\/#website","url":"https:\/\/magno.com.br\/","name":"Magno Consultores","description":"Consultoria Empresarial","publisher":{"@id":"https:\/\/magno.com.br\/#organization"},"potentialAction":[{"@type":"SearchAction","target":{"@type":"EntryPoint","urlTemplate":"https:\/\/magno.com.br\/?s={search_term_string}"},"query-input":{"@type":"PropertyValueSpecification","valueRequired":true,"valueName":"search_term_string"}}],"inLanguage":"en-US"},{"@type":"Organization","@id":"https:\/\/magno.com.br\/#organization","name":"Magno Consultores","url":"https:\/\/magno.com.br\/","logo":{"@type":"ImageObject","inLanguage":"en-US","@id":"https:\/\/magno.com.br\/#\/schema\/logo\/image\/","url":"https:\/\/magno.com.br\/wp-content\/uploads\/2022\/04\/Magno-Logo-Horizontal-Fundo-Claro.png","contentUrl":"https:\/\/magno.com.br\/wp-content\/uploads\/2022\/04\/Magno-Logo-Horizontal-Fundo-Claro.png","width":1238,"height":585,"caption":"Magno Consultores"},"image":{"@id":"https:\/\/magno.com.br\/#\/schema\/logo\/image\/"}}]}},"_links":{"self":[{"href":"https:\/\/magno.com.br\/en\/wp-json\/wp\/v2\/pages\/601","targetHints":{"allow":["GET"]}}],"collection":[{"href":"https:\/\/magno.com.br\/en\/wp-json\/wp\/v2\/pages"}],"about":[{"href":"https:\/\/magno.com.br\/en\/wp-json\/wp\/v2\/types\/page"}],"author":[{"embeddable":true,"href":"https:\/\/magno.com.br\/en\/wp-json\/wp\/v2\/users\/1"}],"replies":[{"embeddable":true,"href":"https:\/\/magno.com.br\/en\/wp-json\/wp\/v2\/comments?post=601"}],"version-history":[{"count":68,"href":"https:\/\/magno.com.br\/en\/wp-json\/wp\/v2\/pages\/601\/revisions"}],"predecessor-version":[{"id":2156,"href":"https:\/\/magno.com.br\/en\/wp-json\/wp\/v2\/pages\/601\/revisions\/2156"}],"wp:attachment":[{"href":"https:\/\/magno.com.br\/en\/wp-json\/wp\/v2\/media?parent=601"}],"curies":[{"name":"wp","href":"https:\/\/api.w.org\/{rel}","templated":true}]}}