{"id":610,"date":"2022-05-10T12:19:57","date_gmt":"2022-05-10T15:19:57","guid":{"rendered":"https:\/\/magno.com.br\/novo\/?page_id=610"},"modified":"2024-03-20T15:16:57","modified_gmt":"2024-03-20T18:16:57","slug":"nossas-especialidades","status":"publish","type":"page","link":"https:\/\/magno.com.br\/en\/nossas-especialidades\/","title":{"rendered":"ESG"},"content":{"rendered":"<div data-elementor-type=\"wp-page\" data-elementor-id=\"610\" class=\"elementor elementor-610\" data-elementor-post-type=\"page\">\n\t\t\t\t\t\t<section class=\"elementor-section elementor-top-section elementor-element elementor-element-dd54fe5 elementor-section-height-min-height elementor-section-boxed elementor-section-height-default elementor-section-items-middle\" data-id=\"dd54fe5\" data-element_type=\"section\" data-settings=\"{&quot;background_background&quot;:&quot;classic&quot;}\">\n\t\t\t\t\t\t\t<div class=\"elementor-background-overlay\"><\/div>\n\t\t\t\t\t\t\t<div class=\"elementor-container elementor-column-gap-default\">\n\t\t\t\t\t<div class=\"elementor-column elementor-col-100 elementor-top-column elementor-element elementor-element-0cb773f\" data-id=\"0cb773f\" data-element_type=\"column\" data-settings=\"{&quot;motion_fx_translateY_effect&quot;:&quot;yes&quot;,&quot;motion_fx_translateY_direction&quot;:&quot;negative&quot;,&quot;motion_fx_translateY_speed&quot;:{&quot;unit&quot;:&quot;px&quot;,&quot;size&quot;:5,&quot;sizes&quot;:[]},&quot;motion_fx_translateY_affectedRange&quot;:{&quot;unit&quot;:&quot;%&quot;,&quot;size&quot;:&quot;&quot;,&quot;sizes&quot;:{&quot;start&quot;:0,&quot;end&quot;:81}},&quot;motion_fx_motion_fx_scrolling&quot;:&quot;yes&quot;,&quot;motion_fx_devices&quot;:[&quot;desktop&quot;,&quot;tablet&quot;,&quot;mobile&quot;]}\">\n\t\t\t<div class=\"elementor-widget-wrap elementor-element-populated\">\n\t\t\t\t\t\t<div class=\"elementor-element elementor-element-4c3a186 elementor-widget elementor-widget-heading\" data-id=\"4c3a186\" data-element_type=\"widget\" data-widget_type=\"heading.default\">\n\t\t\t\t<div class=\"elementor-widget-container\">\n\t\t\t\t\t<h2 class=\"elementor-heading-title elementor-size-xxl\">ESG<\/h2>\t\t\t\t<\/div>\n\t\t\t\t<\/div>\n\t\t\t\t\t<\/div>\n\t\t<\/div>\n\t\t\t\t\t<\/div>\n\t\t<\/section>\n\t\t\t\t<section class=\"elementor-section elementor-top-section elementor-element elementor-element-5a505d7 elementor-section-boxed elementor-section-height-default elementor-section-height-default\" data-id=\"5a505d7\" data-element_type=\"section\" data-settings=\"{&quot;background_background&quot;:&quot;classic&quot;}\">\n\t\t\t\t\t\t<div class=\"elementor-container elementor-column-gap-default\">\n\t\t\t\t\t<div class=\"elementor-column elementor-col-100 elementor-top-column elementor-element elementor-element-24d4d0e\" data-id=\"24d4d0e\" data-element_type=\"column\">\n\t\t\t<div class=\"elementor-widget-wrap elementor-element-populated\">\n\t\t\t\t\t\t<div class=\"elementor-element elementor-element-fa19688 elementor-widget elementor-widget-heading\" data-id=\"fa19688\" data-element_type=\"widget\" data-widget_type=\"heading.default\">\n\t\t\t\t<div class=\"elementor-widget-container\">\n\t\t\t\t\t<h2 class=\"elementor-heading-title elementor-size-default\">Value Offer<\/h2>\t\t\t\t<\/div>\n\t\t\t\t<\/div>\n\t\t\t\t<div class=\"elementor-element elementor-element-bee6858 elementor-widget elementor-widget-text-editor\" data-id=\"bee6858\" data-element_type=\"widget\" data-widget_type=\"text-editor.default\">\n\t\t\t\t<div class=\"elementor-widget-container\">\n\t\t\t\t\t\t\t\t\t<p><i>Neste momento em que todos est\u00e3o perplexos com a amplitude e os impactos derivados das mudan\u00e7as clim\u00e1ticas e ambientais que se espalham por todas as economias reunimos as nossas principais cabe\u00e7as para provermos respostas aos nossos clientes. Estamos trabalhando intensamente para organizarmos, nossa vis\u00e3o do futuro, o desenvolvimento de solu\u00e7\u00f5es e tamb\u00e9m a prepara\u00e7\u00e3o de nossos times para entregar tais solu\u00e7\u00f5es. <\/i><\/p>\t\t\t\t\t\t\t\t<\/div>\n\t\t\t\t<\/div>\n\t\t\t\t\t<\/div>\n\t\t<\/div>\n\t\t\t\t\t<\/div>\n\t\t<\/section>\n\t\t\t\t<section class=\"elementor-section elementor-top-section elementor-element elementor-element-60f0a48 elementor-section-boxed elementor-section-height-default elementor-section-height-default\" data-id=\"60f0a48\" data-element_type=\"section\">\n\t\t\t\t\t\t<div class=\"elementor-container elementor-column-gap-default\">\n\t\t\t\t\t<div class=\"elementor-column elementor-col-100 elementor-top-column elementor-element elementor-element-c421662\" data-id=\"c421662\" data-element_type=\"column\">\n\t\t\t<div class=\"elementor-widget-wrap elementor-element-populated\">\n\t\t\t\t\t\t<section class=\"elementor-section elementor-inner-section elementor-element elementor-element-c65f34c elementor-section-boxed elementor-section-height-default elementor-section-height-default\" data-id=\"c65f34c\" data-element_type=\"section\">\n\t\t\t\t\t\t<div class=\"elementor-container elementor-column-gap-default\">\n\t\t\t\t\t<div class=\"elementor-column elementor-col-50 elementor-inner-column elementor-element elementor-element-495d0e9\" data-id=\"495d0e9\" data-element_type=\"column\" data-settings=\"{&quot;background_background&quot;:&quot;classic&quot;}\">\n\t\t\t<div class=\"elementor-widget-wrap elementor-element-populated\">\n\t\t\t\t\t\t<div class=\"elementor-element elementor-element-2216d55 elementor-widget elementor-widget-text-editor\" data-id=\"2216d55\" data-element_type=\"widget\" data-widget_type=\"text-editor.default\">\n\t\t\t\t<div class=\"elementor-widget-container\">\n\t\t\t\t\t\t\t\t\t<p>Diagn\u00f3stico de oportunidades de desenvolvimento das melhores pr\u00e1ticas ESG<\/p>\t\t\t\t\t\t\t\t<\/div>\n\t\t\t\t<\/div>\n\t\t\t\t\t<\/div>\n\t\t<\/div>\n\t\t\t\t<div class=\"elementor-column elementor-col-50 elementor-inner-column elementor-element elementor-element-dfce684\" data-id=\"dfce684\" data-element_type=\"column\">\n\t\t\t<div class=\"elementor-widget-wrap elementor-element-populated\">\n\t\t\t\t\t\t<div class=\"elementor-element elementor-element-a6fbeb4 elementor-widget elementor-widget-image\" data-id=\"a6fbeb4\" data-element_type=\"widget\" data-widget_type=\"image.default\">\n\t\t\t\t<div class=\"elementor-widget-container\">\n\t\t\t\t\t\t\t\t\t\t\t\t\t\t\t<img fetchpriority=\"high\" decoding=\"async\" width=\"1024\" height=\"576\" src=\"https:\/\/magno.com.br\/wp-content\/uploads\/2023\/11\/conceito-de-negocio-de-investimento-em-governanca-social-ambiental-esg-as-mulheres-usam-um-computador-para-analisar-esg-1024x576.jpg\" class=\"attachment-large size-large wp-image-2348\" alt=\"\" srcset=\"https:\/\/magno.com.br\/wp-content\/uploads\/2023\/11\/conceito-de-negocio-de-investimento-em-governanca-social-ambiental-esg-as-mulheres-usam-um-computador-para-analisar-esg-1024x576.jpg 1024w, https:\/\/magno.com.br\/wp-content\/uploads\/2023\/11\/conceito-de-negocio-de-investimento-em-governanca-social-ambiental-esg-as-mulheres-usam-um-computador-para-analisar-esg-300x169.jpg 300w, https:\/\/magno.com.br\/wp-content\/uploads\/2023\/11\/conceito-de-negocio-de-investimento-em-governanca-social-ambiental-esg-as-mulheres-usam-um-computador-para-analisar-esg-768x432.jpg 768w, https:\/\/magno.com.br\/wp-content\/uploads\/2023\/11\/conceito-de-negocio-de-investimento-em-governanca-social-ambiental-esg-as-mulheres-usam-um-computador-para-analisar-esg-1536x864.jpg 1536w, https:\/\/magno.com.br\/wp-content\/uploads\/2023\/11\/conceito-de-negocio-de-investimento-em-governanca-social-ambiental-esg-as-mulheres-usam-um-computador-para-analisar-esg-2048x1152.jpg 2048w, https:\/\/magno.com.br\/wp-content\/uploads\/2023\/11\/conceito-de-negocio-de-investimento-em-governanca-social-ambiental-esg-as-mulheres-usam-um-computador-para-analisar-esg-18x10.jpg 18w, https:\/\/magno.com.br\/wp-content\/uploads\/2023\/11\/conceito-de-negocio-de-investimento-em-governanca-social-ambiental-esg-as-mulheres-usam-um-computador-para-analisar-esg-800x450.jpg 800w\" sizes=\"(max-width: 1024px) 100vw, 1024px\" \/>\t\t\t\t\t\t\t\t\t\t\t\t\t\t\t<\/div>\n\t\t\t\t<\/div>\n\t\t\t\t\t<\/div>\n\t\t<\/div>\n\t\t\t\t\t<\/div>\n\t\t<\/section>\n\t\t\t\t\t<\/div>\n\t\t<\/div>\n\t\t\t\t\t<\/div>\n\t\t<\/section>\n\t\t\t\t<section class=\"elementor-section elementor-top-section elementor-element elementor-element-fe3d94c elementor-section-boxed elementor-section-height-default elementor-section-height-default\" data-id=\"fe3d94c\" data-element_type=\"section\">\n\t\t\t\t\t\t<div class=\"elementor-container elementor-column-gap-default\">\n\t\t\t\t\t<div class=\"elementor-column elementor-col-100 elementor-top-column elementor-element elementor-element-2e9181d\" data-id=\"2e9181d\" data-element_type=\"column\">\n\t\t\t<div class=\"elementor-widget-wrap elementor-element-populated\">\n\t\t\t\t\t\t<section class=\"elementor-section elementor-inner-section elementor-element elementor-element-a7cf18e elementor-section-boxed elementor-section-height-default elementor-section-height-default\" data-id=\"a7cf18e\" data-element_type=\"section\">\n\t\t\t\t\t\t<div class=\"elementor-container elementor-column-gap-default\">\n\t\t\t\t\t<div class=\"elementor-column elementor-col-50 elementor-inner-column elementor-element elementor-element-7375eff\" data-id=\"7375eff\" data-element_type=\"column\">\n\t\t\t<div class=\"elementor-widget-wrap elementor-element-populated\">\n\t\t\t\t\t\t<div class=\"elementor-element elementor-element-1481a18 elementor-widget elementor-widget-image\" data-id=\"1481a18\" data-element_type=\"widget\" data-widget_type=\"image.default\">\n\t\t\t\t<div class=\"elementor-widget-container\">\n\t\t\t\t\t\t\t\t\t\t\t\t\t\t\t<img decoding=\"async\" width=\"1024\" height=\"576\" src=\"https:\/\/magno.com.br\/wp-content\/uploads\/2023\/11\/mao-segurando-um-globo-verde-no-conceito-de-natureza-sobre-gestao-esg-sustentabilidade-1024x576.jpg\" class=\"attachment-large size-large wp-image-2342\" alt=\"\" srcset=\"https:\/\/magno.com.br\/wp-content\/uploads\/2023\/11\/mao-segurando-um-globo-verde-no-conceito-de-natureza-sobre-gestao-esg-sustentabilidade-1024x576.jpg 1024w, https:\/\/magno.com.br\/wp-content\/uploads\/2023\/11\/mao-segurando-um-globo-verde-no-conceito-de-natureza-sobre-gestao-esg-sustentabilidade-300x169.jpg 300w, https:\/\/magno.com.br\/wp-content\/uploads\/2023\/11\/mao-segurando-um-globo-verde-no-conceito-de-natureza-sobre-gestao-esg-sustentabilidade-768x432.jpg 768w, https:\/\/magno.com.br\/wp-content\/uploads\/2023\/11\/mao-segurando-um-globo-verde-no-conceito-de-natureza-sobre-gestao-esg-sustentabilidade-1536x864.jpg 1536w, https:\/\/magno.com.br\/wp-content\/uploads\/2023\/11\/mao-segurando-um-globo-verde-no-conceito-de-natureza-sobre-gestao-esg-sustentabilidade-2048x1152.jpg 2048w, https:\/\/magno.com.br\/wp-content\/uploads\/2023\/11\/mao-segurando-um-globo-verde-no-conceito-de-natureza-sobre-gestao-esg-sustentabilidade-18x10.jpg 18w, https:\/\/magno.com.br\/wp-content\/uploads\/2023\/11\/mao-segurando-um-globo-verde-no-conceito-de-natureza-sobre-gestao-esg-sustentabilidade-800x450.jpg 800w\" sizes=\"(max-width: 1024px) 100vw, 1024px\" \/>\t\t\t\t\t\t\t\t\t\t\t\t\t\t\t<\/div>\n\t\t\t\t<\/div>\n\t\t\t\t\t<\/div>\n\t\t<\/div>\n\t\t\t\t<div class=\"elementor-column elementor-col-50 elementor-inner-column elementor-element elementor-element-935465e\" data-id=\"935465e\" data-element_type=\"column\" data-settings=\"{&quot;background_background&quot;:&quot;classic&quot;}\">\n\t\t\t<div class=\"elementor-widget-wrap elementor-element-populated\">\n\t\t\t\t\t\t<div class=\"elementor-element elementor-element-b244466 elementor-widget elementor-widget-text-editor\" data-id=\"b244466\" data-element_type=\"widget\" data-widget_type=\"text-editor.default\">\n\t\t\t\t<div class=\"elementor-widget-container\">\n\t\t\t\t\t\t\t\t\t<p>Rela\u00e7\u00e3o dos riscos e oportunidades de curto (quick wins), m\u00e9dio e longo prazos<\/p>\t\t\t\t\t\t\t\t<\/div>\n\t\t\t\t<\/div>\n\t\t\t\t\t<\/div>\n\t\t<\/div>\n\t\t\t\t\t<\/div>\n\t\t<\/section>\n\t\t\t\t\t<\/div>\n\t\t<\/div>\n\t\t\t\t\t<\/div>\n\t\t<\/section>\n\t\t\t\t<section class=\"elementor-section elementor-top-section elementor-element elementor-element-6e97b32 elementor-section-height-min-height elementor-section-boxed elementor-section-height-default elementor-section-items-middle\" data-id=\"6e97b32\" data-element_type=\"section\" data-settings=\"{&quot;background_background&quot;:&quot;classic&quot;}\">\n\t\t\t\t\t\t\t<div class=\"elementor-background-overlay\"><\/div>\n\t\t\t\t\t\t\t<div class=\"elementor-container elementor-column-gap-default\">\n\t\t\t\t\t<div class=\"elementor-column elementor-col-100 elementor-top-column elementor-element elementor-element-0f52c72\" data-id=\"0f52c72\" data-element_type=\"column\">\n\t\t\t<div class=\"elementor-widget-wrap elementor-element-populated\">\n\t\t\t\t\t\t\t<\/div>\n\t\t<\/div>\n\t\t\t\t\t<\/div>\n\t\t<\/section>\n\t\t\t\t<\/div>","protected":false},"excerpt":{"rendered":"<p>ESG Proposta de Valor Neste momento em que todos est\u00e3o perplexos com a amplitude e os impactos derivados das mudan\u00e7as clim\u00e1ticas e ambientais que se espalham por todas as economias reunimos as nossas principais cabe\u00e7as para provermos respostas aos nossos clientes. Estamos trabalhando intensamente para organizarmos, nossa vis\u00e3o do futuro, o desenvolvimento de solu\u00e7\u00f5es e [&hellip;]<\/p>","protected":false},"author":1,"featured_media":0,"parent":0,"menu_order":0,"comment_status":"closed","ping_status":"closed","template":"elementor_header_footer","meta":{"ocean_post_layout":"","ocean_both_sidebars_style":"","ocean_both_sidebars_content_width":0,"ocean_both_sidebars_sidebars_width":0,"ocean_sidebar":"0","ocean_second_sidebar":"0","ocean_disable_margins":"enable","ocean_add_body_class":"","ocean_shortcode_before_top_bar":"","ocean_shortcode_after_top_bar":"","ocean_shortcode_before_header":"","ocean_shortcode_after_header":"","ocean_has_shortcode":"","ocean_shortcode_after_title":"","ocean_shortcode_before_footer_widgets":"","ocean_shortcode_after_footer_widgets":"","ocean_shortcode_before_footer_bottom":"","ocean_shortcode_after_footer_bottom":"","ocean_display_top_bar":"default","ocean_display_header":"default","ocean_header_style":"","ocean_center_header_left_menu":"0","ocean_custom_header_template":"0","ocean_custom_logo":0,"ocean_custom_retina_logo":0,"ocean_custom_logo_max_width":0,"ocean_custom_logo_tablet_max_width":0,"ocean_custom_logo_mobile_max_width":0,"ocean_custom_logo_max_height":0,"ocean_custom_logo_tablet_max_height":0,"ocean_custom_logo_mobile_max_height":0,"ocean_header_custom_menu":"0","ocean_menu_typo_font_family":"0","ocean_menu_typo_font_subset":"","ocean_menu_typo_font_size":0,"ocean_menu_typo_font_size_tablet":0,"ocean_menu_typo_font_size_mobile":0,"ocean_menu_typo_font_size_unit":"px","ocean_menu_typo_font_weight":"","ocean_menu_typo_font_weight_tablet":"","ocean_menu_typo_font_weight_mobile":"","ocean_menu_typo_transform":"","ocean_menu_typo_transform_tablet":"","ocean_menu_typo_transform_mobile":"","ocean_menu_typo_line_height":0,"ocean_menu_typo_line_height_tablet":0,"ocean_menu_typo_line_height_mobile":0,"ocean_menu_typo_line_height_unit":"","ocean_menu_typo_spacing":0,"ocean_menu_typo_spacing_tablet":0,"ocean_menu_typo_spacing_mobile":0,"ocean_menu_typo_spacing_unit":"","ocean_menu_link_color":"","ocean_menu_link_color_hover":"","ocean_menu_link_color_active":"","ocean_menu_link_background":"","ocean_menu_link_hover_background":"","ocean_menu_link_active_background":"","ocean_menu_social_links_bg":"","ocean_menu_social_hover_links_bg":"","ocean_menu_social_links_color":"","ocean_menu_social_hover_links_color":"","ocean_disable_title":"default","ocean_disable_heading":"default","ocean_post_title":"","ocean_post_subheading":"","ocean_post_title_style":"","ocean_post_title_background_color":"","ocean_post_title_background":0,"ocean_post_title_bg_image_position":"","ocean_post_title_bg_image_attachment":"","ocean_post_title_bg_image_repeat":"","ocean_post_title_bg_image_size":"","ocean_post_title_height":0,"ocean_post_title_bg_overlay":0.5,"ocean_post_title_bg_overlay_color":"","ocean_disable_breadcrumbs":"default","ocean_breadcrumbs_color":"","ocean_breadcrumbs_separator_color":"","ocean_breadcrumbs_links_color":"","ocean_breadcrumbs_links_hover_color":"","ocean_display_footer_widgets":"default","ocean_display_footer_bottom":"default","ocean_custom_footer_template":"0","_ti_tpc_template_sync":false,"_ti_tpc_template_id":"","footnotes":""},"class_list":["post-610","page","type-page","status-publish","hentry","entry"],"yoast_head":"<!-- This site is optimized with the Yoast SEO plugin v26.9 - https:\/\/yoast.com\/product\/yoast-seo-wordpress\/ -->\n<title>ESG - Magno Consultores<\/title>\n<meta name=\"robots\" content=\"index, follow, max-snippet:-1, max-image-preview:large, max-video-preview:-1\" \/>\n<link rel=\"canonical\" href=\"https:\/\/magno.com.br\/en\/nossas-especialidades\/\" \/>\n<meta property=\"og:locale\" content=\"en_US\" \/>\n<meta property=\"og:type\" content=\"article\" \/>\n<meta property=\"og:title\" content=\"ESG - Magno Consultores\" \/>\n<meta property=\"og:description\" content=\"ESG Proposta de Valor Neste momento em que todos est\u00e3o perplexos com a amplitude e os impactos derivados das mudan\u00e7as clim\u00e1ticas e ambientais que se espalham por todas as economias reunimos as nossas principais cabe\u00e7as para provermos respostas aos nossos clientes. Estamos trabalhando intensamente para organizarmos, nossa vis\u00e3o do futuro, o desenvolvimento de solu\u00e7\u00f5es e [&hellip;]\" \/>\n<meta property=\"og:url\" content=\"https:\/\/magno.com.br\/en\/nossas-especialidades\/\" \/>\n<meta property=\"og:site_name\" content=\"Magno Consultores\" \/>\n<meta property=\"article:modified_time\" content=\"2024-03-20T18:16:57+00:00\" \/>\n<meta property=\"og:image\" content=\"https:\/\/magno.com.br\/wp-content\/uploads\/2023\/11\/conceito-de-negocio-de-investimento-em-governanca-social-ambiental-esg-as-mulheres-usam-um-computador-para-analisar-esg-1024x576.jpg\" \/>\n<meta name=\"twitter:card\" content=\"summary_large_image\" \/>\n<meta name=\"twitter:label1\" content=\"Est. reading time\" \/>\n\t<meta name=\"twitter:data1\" content=\"1 minute\" \/>\n<script type=\"application\/ld+json\" class=\"yoast-schema-graph\">{\"@context\":\"https:\/\/schema.org\",\"@graph\":[{\"@type\":\"WebPage\",\"@id\":\"https:\/\/magno.com.br\/nossas-especialidades\/\",\"url\":\"https:\/\/magno.com.br\/nossas-especialidades\/\",\"name\":\"ESG - Magno Consultores\",\"isPartOf\":{\"@id\":\"https:\/\/magno.com.br\/#website\"},\"primaryImageOfPage\":{\"@id\":\"https:\/\/magno.com.br\/nossas-especialidades\/#primaryimage\"},\"image\":{\"@id\":\"https:\/\/magno.com.br\/nossas-especialidades\/#primaryimage\"},\"thumbnailUrl\":\"https:\/\/magno.com.br\/wp-content\/uploads\/2023\/11\/conceito-de-negocio-de-investimento-em-governanca-social-ambiental-esg-as-mulheres-usam-um-computador-para-analisar-esg-1024x576.jpg\",\"datePublished\":\"2022-05-10T15:19:57+00:00\",\"dateModified\":\"2024-03-20T18:16:57+00:00\",\"breadcrumb\":{\"@id\":\"https:\/\/magno.com.br\/nossas-especialidades\/#breadcrumb\"},\"inLanguage\":\"en-US\",\"potentialAction\":[{\"@type\":\"ReadAction\",\"target\":[\"https:\/\/magno.com.br\/nossas-especialidades\/\"]}]},{\"@type\":\"ImageObject\",\"inLanguage\":\"en-US\",\"@id\":\"https:\/\/magno.com.br\/nossas-especialidades\/#primaryimage\",\"url\":\"https:\/\/magno.com.br\/wp-content\/uploads\/2023\/11\/conceito-de-negocio-de-investimento-em-governanca-social-ambiental-esg-as-mulheres-usam-um-computador-para-analisar-esg-1024x576.jpg\",\"contentUrl\":\"https:\/\/magno.com.br\/wp-content\/uploads\/2023\/11\/conceito-de-negocio-de-investimento-em-governanca-social-ambiental-esg-as-mulheres-usam-um-computador-para-analisar-esg-1024x576.jpg\"},{\"@type\":\"BreadcrumbList\",\"@id\":\"https:\/\/magno.com.br\/nossas-especialidades\/#breadcrumb\",\"itemListElement\":[{\"@type\":\"ListItem\",\"position\":1,\"name\":\"In\u00edcio\",\"item\":\"https:\/\/magno.com.br\/\"},{\"@type\":\"ListItem\",\"position\":2,\"name\":\"ESG\"}]},{\"@type\":\"WebSite\",\"@id\":\"https:\/\/magno.com.br\/#website\",\"url\":\"https:\/\/magno.com.br\/\",\"name\":\"Magno Consultores\",\"description\":\"Consultoria Empresarial\",\"publisher\":{\"@id\":\"https:\/\/magno.com.br\/#organization\"},\"potentialAction\":[{\"@type\":\"SearchAction\",\"target\":{\"@type\":\"EntryPoint\",\"urlTemplate\":\"https:\/\/magno.com.br\/?s={search_term_string}\"},\"query-input\":{\"@type\":\"PropertyValueSpecification\",\"valueRequired\":true,\"valueName\":\"search_term_string\"}}],\"inLanguage\":\"en-US\"},{\"@type\":\"Organization\",\"@id\":\"https:\/\/magno.com.br\/#organization\",\"name\":\"Magno Consultores\",\"url\":\"https:\/\/magno.com.br\/\",\"logo\":{\"@type\":\"ImageObject\",\"inLanguage\":\"en-US\",\"@id\":\"https:\/\/magno.com.br\/#\/schema\/logo\/image\/\",\"url\":\"https:\/\/magno.com.br\/wp-content\/uploads\/2022\/04\/Magno-Logo-Horizontal-Fundo-Claro.png\",\"contentUrl\":\"https:\/\/magno.com.br\/wp-content\/uploads\/2022\/04\/Magno-Logo-Horizontal-Fundo-Claro.png\",\"width\":1238,\"height\":585,\"caption\":\"Magno Consultores\"},\"image\":{\"@id\":\"https:\/\/magno.com.br\/#\/schema\/logo\/image\/\"}}]}<\/script>\n<!-- \/ Yoast SEO plugin. -->","yoast_head_json":{"title":"ESG - Magno Consultores","robots":{"index":"index","follow":"follow","max-snippet":"max-snippet:-1","max-image-preview":"max-image-preview:large","max-video-preview":"max-video-preview:-1"},"canonical":"https:\/\/magno.com.br\/en\/nossas-especialidades\/","og_locale":"en_US","og_type":"article","og_title":"ESG - Magno Consultores","og_description":"ESG Proposta de Valor Neste momento em que todos est\u00e3o perplexos com a amplitude e os impactos derivados das mudan\u00e7as clim\u00e1ticas e ambientais que se espalham por todas as economias reunimos as nossas principais cabe\u00e7as para provermos respostas aos nossos clientes. Estamos trabalhando intensamente para organizarmos, nossa vis\u00e3o do futuro, o desenvolvimento de solu\u00e7\u00f5es e [&hellip;]","og_url":"https:\/\/magno.com.br\/en\/nossas-especialidades\/","og_site_name":"Magno Consultores","article_modified_time":"2024-03-20T18:16:57+00:00","og_image":[{"url":"https:\/\/magno.com.br\/wp-content\/uploads\/2023\/11\/conceito-de-negocio-de-investimento-em-governanca-social-ambiental-esg-as-mulheres-usam-um-computador-para-analisar-esg-1024x576.jpg","type":"","width":"","height":""}],"twitter_card":"summary_large_image","twitter_misc":{"Est. reading time":"1 minute"},"schema":{"@context":"https:\/\/schema.org","@graph":[{"@type":"WebPage","@id":"https:\/\/magno.com.br\/nossas-especialidades\/","url":"https:\/\/magno.com.br\/nossas-especialidades\/","name":"ESG - Magno Consultores","isPartOf":{"@id":"https:\/\/magno.com.br\/#website"},"primaryImageOfPage":{"@id":"https:\/\/magno.com.br\/nossas-especialidades\/#primaryimage"},"image":{"@id":"https:\/\/magno.com.br\/nossas-especialidades\/#primaryimage"},"thumbnailUrl":"https:\/\/magno.com.br\/wp-content\/uploads\/2023\/11\/conceito-de-negocio-de-investimento-em-governanca-social-ambiental-esg-as-mulheres-usam-um-computador-para-analisar-esg-1024x576.jpg","datePublished":"2022-05-10T15:19:57+00:00","dateModified":"2024-03-20T18:16:57+00:00","breadcrumb":{"@id":"https:\/\/magno.com.br\/nossas-especialidades\/#breadcrumb"},"inLanguage":"en-US","potentialAction":[{"@type":"ReadAction","target":["https:\/\/magno.com.br\/nossas-especialidades\/"]}]},{"@type":"ImageObject","inLanguage":"en-US","@id":"https:\/\/magno.com.br\/nossas-especialidades\/#primaryimage","url":"https:\/\/magno.com.br\/wp-content\/uploads\/2023\/11\/conceito-de-negocio-de-investimento-em-governanca-social-ambiental-esg-as-mulheres-usam-um-computador-para-analisar-esg-1024x576.jpg","contentUrl":"https:\/\/magno.com.br\/wp-content\/uploads\/2023\/11\/conceito-de-negocio-de-investimento-em-governanca-social-ambiental-esg-as-mulheres-usam-um-computador-para-analisar-esg-1024x576.jpg"},{"@type":"BreadcrumbList","@id":"https:\/\/magno.com.br\/nossas-especialidades\/#breadcrumb","itemListElement":[{"@type":"ListItem","position":1,"name":"In\u00edcio","item":"https:\/\/magno.com.br\/"},{"@type":"ListItem","position":2,"name":"ESG"}]},{"@type":"WebSite","@id":"https:\/\/magno.com.br\/#website","url":"https:\/\/magno.com.br\/","name":"Magno Consultores","description":"Consultoria Empresarial","publisher":{"@id":"https:\/\/magno.com.br\/#organization"},"potentialAction":[{"@type":"SearchAction","target":{"@type":"EntryPoint","urlTemplate":"https:\/\/magno.com.br\/?s={search_term_string}"},"query-input":{"@type":"PropertyValueSpecification","valueRequired":true,"valueName":"search_term_string"}}],"inLanguage":"en-US"},{"@type":"Organization","@id":"https:\/\/magno.com.br\/#organization","name":"Magno Consultores","url":"https:\/\/magno.com.br\/","logo":{"@type":"ImageObject","inLanguage":"en-US","@id":"https:\/\/magno.com.br\/#\/schema\/logo\/image\/","url":"https:\/\/magno.com.br\/wp-content\/uploads\/2022\/04\/Magno-Logo-Horizontal-Fundo-Claro.png","contentUrl":"https:\/\/magno.com.br\/wp-content\/uploads\/2022\/04\/Magno-Logo-Horizontal-Fundo-Claro.png","width":1238,"height":585,"caption":"Magno Consultores"},"image":{"@id":"https:\/\/magno.com.br\/#\/schema\/logo\/image\/"}}]}},"_links":{"self":[{"href":"https:\/\/magno.com.br\/en\/wp-json\/wp\/v2\/pages\/610","targetHints":{"allow":["GET"]}}],"collection":[{"href":"https:\/\/magno.com.br\/en\/wp-json\/wp\/v2\/pages"}],"about":[{"href":"https:\/\/magno.com.br\/en\/wp-json\/wp\/v2\/types\/page"}],"author":[{"embeddable":true,"href":"https:\/\/magno.com.br\/en\/wp-json\/wp\/v2\/users\/1"}],"replies":[{"embeddable":true,"href":"https:\/\/magno.com.br\/en\/wp-json\/wp\/v2\/comments?post=610"}],"version-history":[{"count":119,"href":"https:\/\/magno.com.br\/en\/wp-json\/wp\/v2\/pages\/610\/revisions"}],"predecessor-version":[{"id":2389,"href":"https:\/\/magno.com.br\/en\/wp-json\/wp\/v2\/pages\/610\/revisions\/2389"}],"wp:attachment":[{"href":"https:\/\/magno.com.br\/en\/wp-json\/wp\/v2\/media?parent=610"}],"curies":[{"name":"wp","href":"https:\/\/api.w.org\/{rel}","templated":true}]}}